{"id":29,"date":"2019-12-19T02:53:08","date_gmt":"2019-12-18T17:53:08","guid":{"rendered":"http:\/\/kakutani-web.com\/wp\/?page_id=29"},"modified":"2019-12-19T03:43:42","modified_gmt":"2019-12-18T18:43:42","slug":"inquiry","status":"publish","type":"page","link":"https:\/\/kakutani-web.com\/?page_id=29","title":{"rendered":"\u304a\u554f\u3044\u5408\u308f\u305b"},"content":{"rendered":"\n    <script src='https:\/\/maps.googleapis.com\/maps\/api\/js?key=AIzaSyC233sbMm0IL3YoKQOK2ng8Mrz5t5vT5R0' async defer><\/script>\r\n\r\n    <div id=\"map259175\" class=\"dp-google-map  \" style=\"height:387px; width:100%; \"><\/div>\r\n\r\n    <script type=\"text\/javascript\">\r\n      var loaded_map259175 = false;\r\n      var timer_map259175;\r\n\r\n      timer_map259175 = setInterval(function(){\r\n        if(google && !loaded_map259175){\r\n          clearInterval(timer_map259175);\r\n          loaded_map259175 = true;\r\n\r\n          var disabled = false;\r\n          var draggable = true;\r\n          var geocoder = new google.maps.Geocoder();\r\n\r\n          geocoder.geocode({address: '\u798f\u5ca1\u770c\u798f\u5ca1\u5e02\u4e2d\u592e\u533a\u5e73\u5c3e\u6d44\u6c34\u753a7-7'}, function(results, status) {\r\n            if(status == google.maps.GeocoderStatus.OK){\r\n              var mapOptions = {\r\n                draggable: draggable == true ? true : false,\r\n                center: results[0].geometry.location,\r\n                zoom: 14,\r\n                mapTypeId: google.maps.MapTypeId.ROADMAP,\r\n                scrollwheel: false,\r\n                disableDefaultUI: disabled,\r\n                disableDoubleClickZoom: disabled,\r\n                styles: [{\"featureType\":\"administrative\",\"elementType\":\"labels.text.fill\",\"stylers\":[{\"color\":\"#6195a0\"}]},{\"featureType\":\"administrative.province\",\"elementType\":\"geometry.stroke\",\"stylers\":[{\"visibility\":\"off\"}]},{\"featureType\":\"landscape\",\"elementType\":\"geometry\",\"stylers\":[{\"lightness\":\"0\"},{\"saturation\":\"0\"},{\"color\":\"#f5f5f2\"},{\"gamma\":\"1\"}]},{\"featureType\":\"landscape.man_made\",\"elementType\":\"all\",\"stylers\":[{\"lightness\":\"-3\"},{\"gamma\":\"1.00\"}]},{\"featureType\":\"landscape.natural.terrain\",\"elementType\":\"all\",\"stylers\":[{\"visibility\":\"off\"}]},{\"featureType\":\"poi\",\"elementType\":\"all\",\"stylers\":[{\"visibility\":\"off\"}]},{\"featureType\":\"poi.park\",\"elementType\":\"geometry.fill\",\"stylers\":[{\"color\":\"#bae5ce\"},{\"visibility\":\"on\"}]},{\"featureType\":\"road\",\"elementType\":\"all\",\"stylers\":[{\"saturation\":-100},{\"lightness\":45},{\"visibility\":\"simplified\"}]},{\"featureType\":\"road.highway\",\"elementType\":\"all\",\"stylers\":[{\"visibility\":\"simplified\"}]},{\"featureType\":\"road.highway\",\"elementType\":\"geometry.fill\",\"stylers\":[{\"color\":\"#fac9a9\"},{\"visibility\":\"simplified\"}]},{\"featureType\":\"road.highway\",\"elementType\":\"labels.text\",\"stylers\":[{\"color\":\"#4e4e4e\"}]},{\"featureType\":\"road.arterial\",\"elementType\":\"labels.text.fill\",\"stylers\":[{\"color\":\"#787878\"}]},{\"featureType\":\"road.arterial\",\"elementType\":\"labels.icon\",\"stylers\":[{\"visibility\":\"off\"}]},{\"featureType\":\"transit\",\"elementType\":\"all\",\"stylers\":[{\"visibility\":\"simplified\"}]},{\"featureType\":\"transit.station.airport\",\"elementType\":\"labels.icon\",\"stylers\":[{\"hue\":\"#0a00ff\"},{\"saturation\":\"-77\"},{\"gamma\":\"0.57\"},{\"lightness\":\"0\"}]},{\"featureType\":\"transit.station.rail\",\"elementType\":\"labels.text.fill\",\"stylers\":[{\"color\":\"#43321e\"}]},{\"featureType\":\"transit.station.rail\",\"elementType\":\"labels.icon\",\"stylers\":[{\"hue\":\"#ff6c00\"},{\"lightness\":\"4\"},{\"gamma\":\"0.75\"},{\"saturation\":\"-68\"}]},{\"featureType\":\"water\",\"elementType\":\"all\",\"stylers\":[{\"color\":\"#eaf6f8\"},{\"visibility\":\"on\"}]},{\"featureType\":\"water\",\"elementType\":\"geometry.fill\",\"stylers\":[{\"color\":\"#c7eced\"}]},{\"featureType\":\"water\",\"elementType\":\"labels.text.fill\",\"stylers\":[{\"lightness\":\"-49\"},{\"saturation\":\"-53\"},{\"gamma\":\"0.79\"}]}]\r\n              };\r\n\r\n              var map = new google.maps.Map(document.getElementById('map259175'), mapOptions);\r\n              var marker = new google.maps.Marker({\r\n                  map: map,\r\n                  position: results[0].geometry.location\r\n              });\r\n\r\n              var map_changed = false;\r\n              if(draggable){\r\n                google.maps.event.addListener(map, 'dragstart', function(){\r\n                  map_changed = true;\r\n                });\r\n              }\r\n\r\n              var map_resize = function(){\r\n                google.maps.event.trigger(map, 'resize');\r\n                if(map_changed){\r\n                  google.maps.event.removeListener(resize_listener);\r\n                }else{\r\n                  map.setCenter(results[0].geometry.location);\r\n                }\r\n              };\r\n\r\n              var resize_listener = google.maps.event.addDomListener(window, 'resize', map_resize);\r\n\r\n              setTimeout(map_resize, 1000);\r\n              google.maps.event.addDomListenerOnce(window, 'load', map_resize);\r\n            }\r\n          });\r\n        }\r\n      }, 500);\r\n    <\/script>\n\n\n\n<p class=\"has-text-align-center\">\u304a\u554f\u3044\u5408\u308f\u305b\u30fb\u304a\u898b\u7a4d\u308a\u306f<br>\u96fb\u8a71\u307e\u305f\u306f\u30e1\u30fc\u30eb\u30d5\u30a9\u30fc\u30e0\u306b\u3066\u53d7\u3051\u4ed8\u3051\u3066\u304a\u308a\u307e\u3059\u3002<br><br>\u55b6\u696d\u6642\u9593\uff1a\u5e73\u65e59\uff1a00\u301c18\uff1a00<br>\u5b9a\u4f11\u65e5\uff1a\u571f\u65e5\u795d<\/p>\n\n\n\n<div class=\"wp-block-button aligncenter\"><a class=\"wp-block-button__link has-background has-vivid-green-cyan-background-color\" href=\"tel:0925233681\">\u96fb\u8a71\u3067\u304a\u554f\u3044\u5408\u308f\u305b<\/a><\/div>\n\n\n\n<div style=\"height:40px\" aria-hidden=\"true\" class=\"wp-block-spacer\"><\/div>\n\n\n\n<div role=\"form\" class=\"wpcf7\" id=\"wpcf7-f25-o1\" lang=\"ja\" dir=\"ltr\">\n<div class=\"screen-reader-response\"><p role=\"status\" aria-live=\"polite\" aria-atomic=\"true\"><\/p> <ul><\/ul><\/div>\n<form action=\"\/index.php?rest_route=%2Fwp%2Fv2%2Fpages%2F29#wpcf7-f25-o1\" method=\"post\" class=\"wpcf7-form init\" novalidate=\"novalidate\" data-status=\"init\">\n<div style=\"display: none;\">\n<input type=\"hidden\" name=\"_wpcf7\" value=\"25\" \/>\n<input type=\"hidden\" name=\"_wpcf7_version\" value=\"5.4\" \/>\n<input type=\"hidden\" name=\"_wpcf7_locale\" value=\"ja\" \/>\n<input type=\"hidden\" name=\"_wpcf7_unit_tag\" value=\"wpcf7-f25-o1\" \/>\n<input type=\"hidden\" name=\"_wpcf7_container_post\" value=\"0\" \/>\n<input type=\"hidden\" name=\"_wpcf7_posted_data_hash\" value=\"\" \/>\n<\/div>\n<table class=\"table table-bordered table-striped table-contactform7\">\n<tr>\n<th><span class=\"required-contactform7\">\u5fc5\u9808<\/span><span class=\"title-contactform7\">\u304a\u540d\u524d<\/span><\/th>\n<td><span class=\"wpcf7-form-control-wrap your-name\"><input type=\"text\" name=\"your-name\" value=\"\" size=\"40\" class=\"wpcf7-form-control wpcf7-text wpcf7-validates-as-required\" aria-required=\"true\" aria-invalid=\"false\" placeholder=\"\u4f8b\uff1a\u5c71\u7530\u3000\u592a\u90ce\" \/><\/span> <\/td>\n<\/tr>\n<tr>\n<th><span class=\"required-contactform7\">\u5fc5\u9808<\/span><span class=\"title-contactform7\">\u30e1\u30fc\u30eb\u30a2\u30c9\u30ec\u30b9<\/span><\/th>\n<td><span class=\"wpcf7-form-control-wrap your-email\"><input type=\"email\" name=\"your-email\" value=\"\" size=\"40\" class=\"wpcf7-form-control wpcf7-text wpcf7-email wpcf7-validates-as-required wpcf7-validates-as-email\" aria-required=\"true\" aria-invalid=\"false\" placeholder=\"\u4f8b\uff1a\u00d7\u00d7\u00d7@\u00d7\u00d7\u00d7.com\" \/><\/span><\/td>\n<\/tr>\n<tr>\n<th><span class=\"required-contactform7\">\u5fc5\u9808<\/span><span class=\"title-contactform7\">\u90f5\u4fbf\u756a\u53f7<\/span><\/th>\n<td><span class=\"wpcf7-form-control-wrap zip\"><input type=\"text\" name=\"zip\" value=\"\" size=\"40\" class=\"wpcf7-form-control wpcf7-text wpcf7-validates-as-required\" id=\"zip\" aria-required=\"true\" aria-invalid=\"false\" placeholder=\"\u4f8b\uff1a123-4567\" \/><\/span> <\/td>\n<\/tr>\n<tr>\n<th><span class=\"required-contactform7\">\u5fc5\u9808<\/span><span class=\"title-contactform7\">\u90fd\u9053\u5e9c\u770c<\/span><\/th>\n<td><span class=\"wpcf7-form-control-wrap pref\"><input type=\"text\" name=\"pref\" value=\"\" size=\"40\" class=\"wpcf7-form-control wpcf7-text wpcf7-validates-as-required\" id=\"pref\" aria-required=\"true\" aria-invalid=\"false\" placeholder=\"\u4f8b\uff1a\u25cf\u25cf\u770c\" \/><\/span><\/td>\n<\/tr>\n<tr>\n<th><span class=\"required-contactform7\">\u5fc5\u9808<\/span><span class=\"title-contactform7\">\u3054\u4f4f\u6240<\/span><\/th>\n<td class=\"address-100\"><span class=\"wpcf7-form-control-wrap addr\"><input type=\"text\" name=\"addr\" value=\"\" size=\"40\" class=\"wpcf7-form-control wpcf7-text wpcf7-validates-as-required\" id=\"addr\" aria-required=\"true\" aria-invalid=\"false\" placeholder=\"\u4f8b\uff1a\u25cf\u25cf\u5e02\u25cf\u25cf\uff12\u4e01\u76ee\uff12\uff15-\uff11\uff10 \u25cf\u25cf\u30d3\u30eb\u25cf\u25cf\u53f7\u5ba4\" \/><\/span><\/td>\n<\/tr>\n<tr>\n<th><span class=\"required-contactform7\">\u5fc5\u9808<\/span><span class=\"title-contactform7\">\u304a\u96fb\u8a71\u756a\u53f7<\/span><\/th>\n<td><span class=\"wpcf7-form-control-wrap text-17\"><input type=\"text\" name=\"text-17\" value=\"\" size=\"40\" class=\"wpcf7-form-control wpcf7-text wpcf7-validates-as-required\" aria-required=\"true\" aria-invalid=\"false\" placeholder=\"\u4f8b\uff1a\u25cf\u25cf\u25cf\u25cf-\u25cf\u25cf-\u25cf\u25cf\u25cf\u25cf\" \/><\/span><\/td>\n<\/tr>\n<tr>\n<th><span class=\"required-contactform7\">\u5fc5\u9808<\/span><span class=\"title-contactform7\">\u3054\u76f8\u8ac7\u5185\u5bb9<\/span><\/th>\n<td><span class=\"wpcf7-form-control-wrap radio-256\"><span class=\"wpcf7-form-control wpcf7-radio\"><span class=\"wpcf7-list-item first\"><label><input type=\"radio\" name=\"radio-256\" value=\"\u53d6\u6271\u88fd\u54c1\u306b\u3064\u3044\u3066\" \/><span class=\"wpcf7-list-item-label\">\u53d6\u6271\u88fd\u54c1\u306b\u3064\u3044\u3066<\/span><\/label><\/span><span class=\"wpcf7-list-item\"><label><input type=\"radio\" name=\"radio-256\" value=\"\u304a\u898b\u7a4d\u308a\u306e\u3054\u4f9d\u983c\" \/><span class=\"wpcf7-list-item-label\">\u304a\u898b\u7a4d\u308a\u306e\u3054\u4f9d\u983c<\/span><\/label><\/span><span class=\"wpcf7-list-item last\"><label><input type=\"radio\" name=\"radio-256\" value=\"\u305d\u306e\u4ed6\" \/><span class=\"wpcf7-list-item-label\">\u305d\u306e\u4ed6<\/span><\/label><\/span><\/span><\/span><\/td>\n<\/tr>\n<tr>\n<th><span class=\"required-contactform7\">\u5fc5\u9808<\/span><span class=\"title-contactform7\">\u30e1\u30c3\u30bb\u30fc\u30b8\u672c\u6587<\/span><\/th>\n<td class=\"message-100\"><span class=\"wpcf7-form-control-wrap your-message\"><textarea name=\"your-message\" cols=\"40\" rows=\"10\" class=\"wpcf7-form-control wpcf7-textarea wpcf7-validates-as-required\" aria-required=\"true\" aria-invalid=\"false\" placeholder=\"\u898b\u7a4d\u3082\u308a\u5e0c\u671b\u8a73\u7d30\u30fb\u3054\u8cea\u554f\u306a\u3069\"><\/textarea><\/span><\/td>\n<\/tr>\n<\/table>\n<p class=\"text-xs-center\"><input type=\"submit\" value=\"\u9001\u4fe1\u3059\u308b\" class=\"wpcf7-form-control wpcf7-submit btn btn-success btn-lg\" \/><\/p>\n<div class=\"wpcf7-response-output\" aria-hidden=\"true\"><\/div><\/form><\/div>\n","protected":false},"excerpt":{"rendered":"<p>\u304a\u554f\u3044\u5408\u308f\u305b\u30fb\u304a\u898b\u7a4d\u308a\u306f\u96fb\u8a71\u307e\u305f\u306f\u30e1\u30fc\u30eb\u30d5\u30a9\u30fc\u30e0\u306b\u3066\u53d7\u3051\u4ed8\u3051\u3066\u304a\u308a\u307e\u3059\u3002 \u55b6\u696d\u6642\u9593\uff1a\u5e73\u65e59\uff1a00\u301c18\uff1a00\u5b9a\u4f11\u65e5\uff1a\u571f\u65e5\u795d<\/p>\n","protected":false},"author":1,"featured_media":0,"parent":0,"menu_order":0,"comment_status":"closed","ping_status":"closed","template":"","meta":{"_et_pb_use_builder":"","_et_pb_old_content":"","_et_gb_content_width":""},"_links":{"self":[{"href":"https:\/\/kakutani-web.com\/index.php?rest_route=\/wp\/v2\/pages\/29"}],"collection":[{"href":"https:\/\/kakutani-web.com\/index.php?rest_route=\/wp\/v2\/pages"}],"about":[{"href":"https:\/\/kakutani-web.com\/index.php?rest_route=\/wp\/v2\/types\/page"}],"author":[{"embeddable":true,"href":"https:\/\/kakutani-web.com\/index.php?rest_route=\/wp\/v2\/users\/1"}],"replies":[{"embeddable":true,"href":"https:\/\/kakutani-web.com\/index.php?rest_route=%2Fwp%2Fv2%2Fcomments&post=29"}],"version-history":[{"count":10,"href":"https:\/\/kakutani-web.com\/index.php?rest_route=\/wp\/v2\/pages\/29\/revisions"}],"predecessor-version":[{"id":94,"href":"https:\/\/kakutani-web.com\/index.php?rest_route=\/wp\/v2\/pages\/29\/revisions\/94"}],"wp:attachment":[{"href":"https:\/\/kakutani-web.com\/index.php?rest_route=%2Fwp%2Fv2%2Fmedia&parent=29"}],"curies":[{"name":"wp","href":"https:\/\/api.w.org\/{rel}","templated":true}]}}